{"id":840,"date":"2025-01-21T10:40:52","date_gmt":"2025-01-21T09:40:52","guid":{"rendered":"https:\/\/ish-value-of-water.com\/?page_id=840"},"modified":"2025-02-13T10:00:58","modified_gmt":"2025-02-13T09:00:58","slug":"news","status":"publish","type":"page","link":"https:\/\/ish-value-of-water.com\/de\/news\/","title":{"rendered":"News"},"content":{"rendered":"\n\t\t<div class=\"wp-block-header-cubes alignfull has-height-large\" style=\"background-image: url(https:\/\/ish-value-of-water.com\/wp-content\/uploads\/2024\/10\/Congress-Center-Messe-Frankfurt.webp.jpg);\" >\n\t\t\t\t\t\t<div class=\"header-cubes__cubes\">\n\t\t\t\t\t\t\t\t<div class=\"header-cubes__cube header-cubes__cube--product\">\n\t\t\t\t\t\t\t\t\t\t\t<div class=\"header-cubes__cube--product__wordmark\">\n\t\t\t\t\t\t\t<img decoding=\"async\" src=\"https:\/\/ish-value-of-water.com\/wp-content\/uploads\/2024\/08\/ISH_White.svg\" alt=\"\">\n\t\t\t\t\t\t<\/div>\n\t\t\t\t\t\t\t\t\t\t<div class=\"header-cubes__cube--product__date-location-wrapper\">\n\t\t\t\t\t\t<div class=\"header-cubes__cube--product__date\">\n\t\t\t\t\t\t\t17. \u2013 18.03.25\t\t\t\t\t\t<\/div>\n\t\t\t\t\t\t<div class=\"header-cubes__cube--product__location\">\n\t\t\t\t\t\t\tFrankfurt<br>Kongresszentrum\t\t\t\t\t\t<\/div>\n\t\t\t\t\t<\/div>\n\t\t\t\t\t<a href=\"https:\/\/ish.messefrankfurt.com\/frankfurt\/de.html\" class=\"header-cubes__cube--product__link\" target=\"_blank\"><\/a>\n\t\t\t\t<\/div>\n\t\t\t\t\t\t\t\t\t<div class=\"header-cubes__cube header-cubes__cube--communication\">\n\t\t\t\t\t\t<div class=\"header-cubes__cube--communication__inner\">\n\t\t\t\t\t\t\t<div class=\"header-cubes__cube--communication__headline\">\n\t\t\t\t\t\t\t\tPioneering future solutions for clean water and sanitation\t\t\t\t\t\t\t<\/div>\n\t\t\t\t\t\t\t<div class=\"header-cubes__cube--communication__text\">\n\t\t\t\t\t\t\t\t<p><\/p>\n\t\t\t\t\t\t\t<\/div>\n\t\t\t\t\t\t<\/div>\n\t\t\t\t\t\t\t\t\t\t\t<\/div>\n\t\t\t\t\t\t\t\t<\/div>\n\t\t\t\t\t<\/div>\n\t\t\n\n\n\t\t\t<div class=\"wp-block-news-listing\" >\n\t\t\t\t<div class=\"container\">\n\t\t\t\t\t<h2><\/h2>\n\t\t\t\t\t<div class=\"news-listing__layout\">\n\t\t\t\t\t<a href=\"https:\/\/ish-value-of-water.com\/de\/statement-by-hamed-beheshti-co-founder-ceo-boreal-light\/\">\r\n\t<div class=\"news-item\">\r\n\t\t<div class=\"news-item__image\">\r\n\t\t\t<img loading=\"lazy\" decoding=\"async\" width=\"300\" height=\"150\" src=\"https:\/\/ish-value-of-water.com\/wp-content\/uploads\/2025\/03\/artikel_Beheshti-300x150.jpg\" class=\"attachment-medium size-medium wp-post-image\" alt=\"\" srcset=\"https:\/\/ish-value-of-water.com\/wp-content\/uploads\/2025\/03\/artikel_Beheshti-300x150.jpg 300w, https:\/\/ish-value-of-water.com\/wp-content\/uploads\/2025\/03\/artikel_Beheshti-1024x512.jpg 1024w, https:\/\/ish-value-of-water.com\/wp-content\/uploads\/2025\/03\/artikel_Beheshti-768x384.jpg 768w, https:\/\/ish-value-of-water.com\/wp-content\/uploads\/2025\/03\/artikel_Beheshti.jpg 1200w\" sizes=\"(max-width: 300px) 100vw, 300px\" \/>\t\t<\/div>\r\n\t\t<div class=\"news-item__teaser\">\r\n\t\t\t\t\t\t\t<span class=\"news-item__category\">News<\/span>\r\n\t\t\t\t\t\t<h4 class=\"news-item__title\">Statement by Hamed Beheshti, Co-founder \/ CEO &#8211; Boreal Light<\/h4>\r\n\t\t\t<p class=\"news-item__teaser-text\">participant of the panel &#8222;From Global Vision to Action: Towards a Water-Secure World Water and energy policies remain disconnected, despite their deep interdependence. As the need for water treatment&#8230;<\/p>\r\n\t\t<\/div>\r\n\t<\/div>\r\n<\/a><a href=\"https:\/\/ish-value-of-water.com\/de\/what-does-climate-resilience-mean-for-potable-water-installations-in-buildings\/\">\r\n\t<div class=\"news-item\">\r\n\t\t<div class=\"news-item__image\">\r\n\t\t\t<img loading=\"lazy\" decoding=\"async\" width=\"300\" height=\"169\" src=\"https:\/\/ish-value-of-water.com\/wp-content\/uploads\/2025\/02\/video_schauer-300x169.jpg\" class=\"attachment-medium size-medium wp-post-image\" alt=\"\" srcset=\"https:\/\/ish-value-of-water.com\/wp-content\/uploads\/2025\/02\/video_schauer-300x169.jpg 300w, https:\/\/ish-value-of-water.com\/wp-content\/uploads\/2025\/02\/video_schauer-1024x576.jpg 1024w, https:\/\/ish-value-of-water.com\/wp-content\/uploads\/2025\/02\/video_schauer-768x432.jpg 768w, https:\/\/ish-value-of-water.com\/wp-content\/uploads\/2025\/02\/video_schauer.jpg 1076w\" sizes=\"(max-width: 300px) 100vw, 300px\" \/>\t\t<\/div>\r\n\t\t<div class=\"news-item__teaser\">\r\n\t\t\t\t\t\t\t<span class=\"news-item__category\">News<\/span>\r\n\t\t\t\t\t\t<h4 class=\"news-item__title\">What does climate resilience mean for potable water installations in buildings?<\/h4>\r\n\t\t\t<p class=\"news-item__teaser-text\">Dr. Christian Schauer,\u00a0Director Water Competence Centre \u2013 Viega, responds to these and other questions in his video statement.<\/p>\r\n\t\t<\/div>\r\n\t<\/div>\r\n<\/a><a href=\"https:\/\/ish-value-of-water.com\/de\/spouts-of-water\/\">\r\n\t<div class=\"news-item\">\r\n\t\t<div class=\"news-item__image\">\r\n\t\t\t<img loading=\"lazy\" decoding=\"async\" width=\"300\" height=\"169\" src=\"https:\/\/ish-value-of-water.com\/wp-content\/uploads\/2025\/02\/video_wiebe-300x169.jpg\" class=\"attachment-medium size-medium wp-post-image\" alt=\"\" srcset=\"https:\/\/ish-value-of-water.com\/wp-content\/uploads\/2025\/02\/video_wiebe-300x169.jpg 300w, https:\/\/ish-value-of-water.com\/wp-content\/uploads\/2025\/02\/video_wiebe-768x432.jpg 768w, https:\/\/ish-value-of-water.com\/wp-content\/uploads\/2025\/02\/video_wiebe.jpg 993w\" sizes=\"(max-width: 300px) 100vw, 300px\" \/>\t\t<\/div>\r\n\t\t<div class=\"news-item__teaser\">\r\n\t\t\t\t\t\t\t<span class=\"news-item__category\">News<\/span>\r\n\t\t\t\t\t\t<h4 class=\"news-item__title\">Spouts of water<\/h4>\r\n\t\t\t<p class=\"news-item__teaser-text\">Christian Wiebe, Divisional Manager WASH at Viva con Agua de Sankt Pauli e.V., will present the transformative power of social enterprises at the Value of Water Conference. In his talk, he will explore&#8230;<\/p>\r\n\t\t<\/div>\r\n\t<\/div>\r\n<\/a><a href=\"https:\/\/ish-value-of-water.com\/de\/delivering-tangible-solutions-for-clean-water-and-sanitation-the-need-for-circular-water-systems-in-urban-environments\/\">\r\n\t<div class=\"news-item\">\r\n\t\t<div class=\"news-item__image\">\r\n\t\t\t<img loading=\"lazy\" decoding=\"async\" width=\"300\" height=\"169\" src=\"https:\/\/ish-value-of-water.com\/wp-content\/uploads\/2025\/02\/artikel_Arthur-Valkieser-300x169.jpg\" class=\"attachment-medium size-medium wp-post-image\" alt=\"\" srcset=\"https:\/\/ish-value-of-water.com\/wp-content\/uploads\/2025\/02\/artikel_Arthur-Valkieser-300x169.jpg 300w, https:\/\/ish-value-of-water.com\/wp-content\/uploads\/2025\/02\/artikel_Arthur-Valkieser-1024x576.jpg 1024w, https:\/\/ish-value-of-water.com\/wp-content\/uploads\/2025\/02\/artikel_Arthur-Valkieser-768x432.jpg 768w, https:\/\/ish-value-of-water.com\/wp-content\/uploads\/2025\/02\/artikel_Arthur-Valkieser.jpg 1200w\" sizes=\"(max-width: 300px) 100vw, 300px\" \/>\t\t<\/div>\r\n\t\t<div class=\"news-item__teaser\">\r\n\t\t\t\t\t\t\t<span class=\"news-item__category\">News<\/span>\r\n\t\t\t\t\t\t<h4 class=\"news-item__title\">Delivering Tangible Solutions for Clean Water and Sanitation: The Need for Circular Water Systems in Urban Environments<\/h4>\r\n\t\t\t<p class=\"news-item__teaser-text\">Arthur Valkieser, CEO\/CTO &amp; co-founder Hydraloop International \u2013 Board Member &amp; Vice President WaterEurope For centuries, traditional water management has followed a linear model: fresh water&#8230;<\/p>\r\n\t\t<\/div>\r\n\t<\/div>\r\n<\/a><a href=\"https:\/\/ish-value-of-water.com\/de\/re-use-shower-waste-water-to-save-energy-water-costs\/\">\r\n\t<div class=\"news-item\">\r\n\t\t<div class=\"news-item__image\">\r\n\t\t\t<img loading=\"lazy\" decoding=\"async\" width=\"300\" height=\"150\" src=\"https:\/\/ish-value-of-water.com\/wp-content\/uploads\/2025\/02\/artikel_agac-300x150.jpg\" class=\"attachment-medium size-medium wp-post-image\" alt=\"\" srcset=\"https:\/\/ish-value-of-water.com\/wp-content\/uploads\/2025\/02\/artikel_agac-300x150.jpg 300w, https:\/\/ish-value-of-water.com\/wp-content\/uploads\/2025\/02\/artikel_agac-1024x512.jpg 1024w, https:\/\/ish-value-of-water.com\/wp-content\/uploads\/2025\/02\/artikel_agac-768x384.jpg 768w, https:\/\/ish-value-of-water.com\/wp-content\/uploads\/2025\/02\/artikel_agac.jpg 1200w\" sizes=\"(max-width: 300px) 100vw, 300px\" \/>\t\t<\/div>\r\n\t\t<div class=\"news-item__teaser\">\r\n\t\t\t\t\t\t\t<span class=\"news-item__category\">News<\/span>\r\n\t\t\t\t\t\t<h4 class=\"news-item__title\">Re-use shower waste water to save energy &amp; water costs!<\/h4>\r\n\t\t\t<p class=\"news-item__teaser-text\">Statement by \u015eenol A\u011fa\u00e7,\u00a0Founder \u2013 Sustainable Water Consulting Grey Water Recycling is around for many years and it is still so new to many building operators &amp; owners. Shower waste water is&#8230;<\/p>\r\n\t\t<\/div>\r\n\t<\/div>\r\n<\/a><a href=\"https:\/\/ish-value-of-water.com\/de\/die-vergessene-ressource\/\">\r\n\t<div class=\"news-item\">\r\n\t\t<div class=\"news-item__image\">\r\n\t\t\t<img loading=\"lazy\" decoding=\"async\" width=\"300\" height=\"169\" src=\"https:\/\/ish-value-of-water.com\/wp-content\/uploads\/2025\/01\/GROHE_Sustainable-Globe-300x169.jpg\" class=\"attachment-medium size-medium wp-post-image\" alt=\"\" srcset=\"https:\/\/ish-value-of-water.com\/wp-content\/uploads\/2025\/01\/GROHE_Sustainable-Globe-300x169.jpg 300w, https:\/\/ish-value-of-water.com\/wp-content\/uploads\/2025\/01\/GROHE_Sustainable-Globe-1024x576.jpg 1024w, https:\/\/ish-value-of-water.com\/wp-content\/uploads\/2025\/01\/GROHE_Sustainable-Globe-768x432.jpg 768w, https:\/\/ish-value-of-water.com\/wp-content\/uploads\/2025\/01\/GROHE_Sustainable-Globe.jpg 1200w\" sizes=\"(max-width: 300px) 100vw, 300px\" \/>\t\t<\/div>\r\n\t\t<div class=\"news-item__teaser\">\r\n\t\t\t\t\t\t\t<span class=\"news-item__category\">News<\/span>\r\n\t\t\t\t\t\t<h4 class=\"news-item__title\">Die vergessene Ressource<\/h4>\r\n\t\t\t<p class=\"news-item__teaser-text\">Warum wir eine Wasserwende brauchen AdvertorialArtikel aus dem Handelsblatt Journal ENERGIEWIRTSCHAFT vom 21.01.2025 Marc Dobro, Gesch\u00e4ftsf\u00fchrer, GROHE Deutschland Vertriebs GmbH Wetterextreme, die wachsende&#8230;<\/p>\r\n\t\t<\/div>\r\n\t<\/div>\r\n<\/a><a href=\"https:\/\/ish-value-of-water.com\/de\/europas-wasserresilienz-beginnt-zuhause\/\">\r\n\t<div class=\"news-item\">\r\n\t\t<div class=\"news-item__image\">\r\n\t\t\t<img loading=\"lazy\" decoding=\"async\" width=\"300\" height=\"169\" src=\"https:\/\/ish-value-of-water.com\/wp-content\/uploads\/2025\/01\/hansgrohe-group_2024_Kalmbach-Hans-Juergen_CEO_638-300x169.jpg\" class=\"attachment-medium size-medium wp-post-image\" alt=\"\" srcset=\"https:\/\/ish-value-of-water.com\/wp-content\/uploads\/2025\/01\/hansgrohe-group_2024_Kalmbach-Hans-Juergen_CEO_638-300x169.jpg 300w, https:\/\/ish-value-of-water.com\/wp-content\/uploads\/2025\/01\/hansgrohe-group_2024_Kalmbach-Hans-Juergen_CEO_638-1024x576.jpg 1024w, https:\/\/ish-value-of-water.com\/wp-content\/uploads\/2025\/01\/hansgrohe-group_2024_Kalmbach-Hans-Juergen_CEO_638-768x432.jpg 768w, https:\/\/ish-value-of-water.com\/wp-content\/uploads\/2025\/01\/hansgrohe-group_2024_Kalmbach-Hans-Juergen_CEO_638.jpg 1200w\" sizes=\"(max-width: 300px) 100vw, 300px\" \/>\t\t<\/div>\r\n\t\t<div class=\"news-item__teaser\">\r\n\t\t\t\t\t\t\t<span class=\"news-item__category\">News<\/span>\r\n\t\t\t\t\t\t<h4 class=\"news-item__title\">Europas Wasserresilienz beginnt zuhause<\/h4>\r\n\t\t\t<p class=\"news-item__teaser-text\">Hans-J\u00fcrgen Kalmbach, Hansgrohe Vorstandsvorsitzender, Water Europe Vorstandsmitglied Der j\u00fcngste Bericht der Europ\u00e4ischen Umweltagentur zeigt eine ern\u00fcchternde Statistik: Bereits 30 % der EU-Bev\u00f6lkerung&#8230;<\/p>\r\n\t\t<\/div>\r\n\t<\/div>\r\n<\/a><a href=\"https:\/\/ish-value-of-water.com\/de\/how-to-bring-water-solutions-or-sanitary-solutions-to-the-markets-in-a-sustainable-way\/\">\r\n\t<div class=\"news-item\">\r\n\t\t<div class=\"news-item__image\">\r\n\t\t\t<img loading=\"lazy\" decoding=\"async\" width=\"300\" height=\"169\" src=\"https:\/\/ish-value-of-water.com\/wp-content\/uploads\/2025\/01\/LIXIL_Erin_McCusker-300x169.jpg\" class=\"attachment-medium size-medium wp-post-image\" alt=\"\" srcset=\"https:\/\/ish-value-of-water.com\/wp-content\/uploads\/2025\/01\/LIXIL_Erin_McCusker-300x169.jpg 300w, https:\/\/ish-value-of-water.com\/wp-content\/uploads\/2025\/01\/LIXIL_Erin_McCusker-1024x576.jpg 1024w, https:\/\/ish-value-of-water.com\/wp-content\/uploads\/2025\/01\/LIXIL_Erin_McCusker-768x432.jpg 768w, https:\/\/ish-value-of-water.com\/wp-content\/uploads\/2025\/01\/LIXIL_Erin_McCusker.jpg 1200w\" sizes=\"(max-width: 300px) 100vw, 300px\" \/>\t\t<\/div>\r\n\t\t<div class=\"news-item__teaser\">\r\n\t\t\t\t\t\t\t<span class=\"news-item__category\">News<\/span>\r\n\t\t\t\t\t\t<h4 class=\"news-item__title\">How to bring water solutions or sanitary solutions to the markets in a sustainable way<\/h4>\r\n\t\t\t<p class=\"news-item__teaser-text\">Video statement from Erin McCusker, LIXIL<\/p>\r\n\t\t<\/div>\r\n\t<\/div>\r\n<\/a><a href=\"https:\/\/ish-value-of-water.com\/de\/wasserknappheit-wo-liegen-einsparungspotenziale-was-bringt-die-wassereffizienz-in-deutschland-und-europa-voran\/\">\r\n\t<div class=\"news-item\">\r\n\t\t<div class=\"news-item__image\">\r\n\t\t\t<img loading=\"lazy\" decoding=\"async\" width=\"300\" height=\"169\" src=\"https:\/\/ish-value-of-water.com\/wp-content\/uploads\/2025\/01\/video_kalmbach-300x169.jpg\" class=\"attachment-medium size-medium wp-post-image\" alt=\"\" srcset=\"https:\/\/ish-value-of-water.com\/wp-content\/uploads\/2025\/01\/video_kalmbach-300x169.jpg 300w, https:\/\/ish-value-of-water.com\/wp-content\/uploads\/2025\/01\/video_kalmbach-1024x576.jpg 1024w, https:\/\/ish-value-of-water.com\/wp-content\/uploads\/2025\/01\/video_kalmbach-768x432.jpg 768w, https:\/\/ish-value-of-water.com\/wp-content\/uploads\/2025\/01\/video_kalmbach.jpg 1076w\" sizes=\"(max-width: 300px) 100vw, 300px\" \/>\t\t<\/div>\r\n\t\t<div class=\"news-item__teaser\">\r\n\t\t\t\t\t\t\t<span class=\"news-item__category\">News<\/span>\r\n\t\t\t\t\t\t<h4 class=\"news-item__title\">Wasserknappheit \u2013 Wo liegen Einsparungspotenziale? Was bringt die Wassereffizienz in Deutschland und Europa voran?<\/h4>\r\n\t\t\t<p class=\"news-item__teaser-text\">Hans-J\u00fcrgen Kalmbach, Vorsitzender des Vorstands, Hansgrohe SE, im Videostatement.<\/p>\r\n\t\t<\/div>\r\n\t<\/div>\r\n<\/a><a href=\"https:\/\/ish-value-of-water.com\/de\/wassermangel-warum-uns-die-wasserkrise-alle-betrifft\/\">\r\n\t<div class=\"news-item\">\r\n\t\t<div class=\"news-item__image\">\r\n\t\t\t<img loading=\"lazy\" decoding=\"async\" width=\"300\" height=\"169\" src=\"https:\/\/ish-value-of-water.com\/wp-content\/uploads\/2025\/01\/GROHE_Sustainable-Globe-300x169.jpg\" class=\"attachment-medium size-medium wp-post-image\" alt=\"\" srcset=\"https:\/\/ish-value-of-water.com\/wp-content\/uploads\/2025\/01\/GROHE_Sustainable-Globe-300x169.jpg 300w, https:\/\/ish-value-of-water.com\/wp-content\/uploads\/2025\/01\/GROHE_Sustainable-Globe-1024x576.jpg 1024w, https:\/\/ish-value-of-water.com\/wp-content\/uploads\/2025\/01\/GROHE_Sustainable-Globe-768x432.jpg 768w, https:\/\/ish-value-of-water.com\/wp-content\/uploads\/2025\/01\/GROHE_Sustainable-Globe.jpg 1200w\" sizes=\"(max-width: 300px) 100vw, 300px\" \/>\t\t<\/div>\r\n\t\t<div class=\"news-item__teaser\">\r\n\t\t\t\t\t\t\t<span class=\"news-item__category\">News<\/span>\r\n\t\t\t\t\t\t<h4 class=\"news-item__title\">Wassermangel: Warum uns die Wasserkrise alle betrifft<\/h4>\r\n\t\t\t<p class=\"news-item__teaser-text\"><p>Die Welt steht vor einer beispiellosen Wasserkrise: Ein Viertel der Weltbev\u00f6lkerung leidet jedes Jahr unter extremer Wasserknappheit.<sup>[1]<\/sup> Im Jahr 2023 sahen sich L\u00e4nder wie Frankreich, Spanien&#8230;<\/p>\r\n\t\t<\/div>\r\n\t<\/div>\r\n<\/a><a href=\"https:\/\/ish-value-of-water.com\/de\/wie-erfindet-man-die-toilette-neu\/\">\r\n\t<div class=\"news-item\">\r\n\t\t<div class=\"news-item__image\">\r\n\t\t\t<img loading=\"lazy\" decoding=\"async\" width=\"300\" height=\"169\" src=\"https:\/\/ish-value-of-water.com\/wp-content\/uploads\/2025\/01\/v1-300x169.jpg\" class=\"attachment-medium size-medium wp-post-image\" alt=\"\" srcset=\"https:\/\/ish-value-of-water.com\/wp-content\/uploads\/2025\/01\/v1-300x169.jpg 300w, https:\/\/ish-value-of-water.com\/wp-content\/uploads\/2025\/01\/v1-1024x576.jpg 1024w, https:\/\/ish-value-of-water.com\/wp-content\/uploads\/2025\/01\/v1-768x432.jpg 768w, https:\/\/ish-value-of-water.com\/wp-content\/uploads\/2025\/01\/v1.jpg 1200w\" sizes=\"(max-width: 300px) 100vw, 300px\" \/>\t\t<\/div>\r\n\t\t<div class=\"news-item__teaser\">\r\n\t\t\t\t\t\t\t<span class=\"news-item__category\">News<\/span>\r\n\t\t\t\t\t\t<h4 class=\"news-item__title\">Wie erfindet man die Toilette neu?<\/h4>\r\n\t\t\t<p class=\"news-item__teaser-text\">Weltweit haben etwa 3,5 Milliarden Menschen keinen Zugang zu sicheren Toiletten und 1,5 Milliarden Menschen fehlt sogar eine sanit\u00e4re Grundversorgung in Form einer eigenen Toilette oder Latrinen.  Diese&#8230;<\/p>\r\n\t\t<\/div>\r\n\t<\/div>\r\n<\/a>\t\t\t\t\t<\/div>\n\t\t\t\t<\/div>\n\t\t\t<\/div>\n\t\t\n\n\n<p><\/p>\n\n\n\t\t<div class=\"wp-block-partners is-style-grid wp-block-partner-list\" style=\"--partners-item-width: 400px; --partners-item-max-width: 400px;\" >\r\n\t\t\t<div class=\"partner-list__title-wrap\"><h2 class=\"partner-list__title\">Anzeige<\/h2><\/div>\t\t\t<div class=\"list-wrapper partner__layout partners\">\r\n\t\t\t\t\r\n  <div id=\"gfa-news\" class=\"partner\" data-show-modal>\r\n    <div class=\"partner__image\">\r\n      <img decoding=\"async\" src=\"https:\/\/ish-value-of-water.com\/wp-content\/uploads\/2025\/02\/Rectangle-GFA-News-300x169px.jpg\" role=\"presentation\" loading=\"lazy\">\r\n    <\/div>\r\n    <div class=\"partner__details ce-provider\">\n    <h4 class=\"partner__title\">GFA-News<\/h4>\n    <div class=\"partner__about\"><p>GFA-News.de liefert Ihnen tagesaktuelle Fachinformationen rund um Wasser, Wirtschaft und Umwelt &#8211; ausgesucht von der Redaktion der DWA-Verbandszeitschriften KA Korrespondenz Abwasser, Abfall und KW Korrespondenz Wasserwirtschaft. Von Personalien \u00fcber Studien, Berichte und Ereignisse bis zu Gesetzen, Forschungsprojekten und -ergebnissen ist alles dabei, was Sie \u00fcber die aktuellen Entwicklungen in der Branche wissen m\u00fcssen.<\/p>\n<p>Die GFA (Gesellschaft zur F\u00f6rderung der Abwassertechnik e. V.) ist eine Servicegesellschaft f\u00fcr die DWA (Deutsche Vereinigung f\u00fcr Wasserwirtschaft, Abwasser und Abfall e. V.).<\/p>\n<\/div>\n    <a class=\"partner__url\" href=\"https:\/\/www.gfa-news.de\/\" target=\"_blank\" rel=\"noopener\">\n        www.gfa-news.de    <\/a>\n    <\/div>  <\/div>\r\n\r\n\t\t\t<\/div>\r\n\t\t<\/div>\r\n\t\t\n\n\n<p><\/p>\n","protected":false},"excerpt":{"rendered":"","protected":false},"author":2,"featured_media":0,"parent":0,"menu_order":0,"comment_status":"closed","ping_status":"closed","template":"","meta":{"_acf_changed":false,"footnotes":""},"class_list":["post-840","page","type-page","status-publish","hentry"],"acf":[],"yoast_head":"<!-- This site is optimized with the Yoast SEO plugin v24.0 - https:\/\/yoast.com\/wordpress\/plugins\/seo\/ -->\n<title>News - ISH - Value of Water<\/title>\n<meta name=\"robots\" content=\"index, follow, max-snippet:-1, max-image-preview:large, max-video-preview:-1\" \/>\n<link rel=\"canonical\" href=\"https:\/\/ish-value-of-water.com\/de\/news\/\" \/>\n<meta property=\"og:locale\" content=\"de_DE\" \/>\n<meta property=\"og:type\" content=\"article\" \/>\n<meta property=\"og:title\" content=\"News - ISH - Value of Water\" \/>\n<meta property=\"og:url\" content=\"https:\/\/ish-value-of-water.com\/de\/news\/\" \/>\n<meta property=\"og:site_name\" content=\"ISH - Value of Water\" \/>\n<meta property=\"article:publisher\" content=\"https:\/\/www.facebook.com\/ISHfrankfurt\" \/>\n<meta property=\"article:modified_time\" content=\"2025-02-13T09:00:58+00:00\" \/>\n<meta property=\"og:image\" content=\"https:\/\/ish-value-of-water.com\/wp-content\/uploads\/2024\/10\/ish-vow-og.png\" \/>\n\t<meta property=\"og:image:width\" content=\"1118\" \/>\n\t<meta property=\"og:image:height\" content=\"499\" \/>\n\t<meta property=\"og:image:type\" content=\"image\/png\" \/>\n<meta name=\"twitter:card\" content=\"summary_large_image\" \/>\n<meta name=\"twitter:site\" content=\"@ish_frankfurt\" \/>\n<script type=\"application\/ld+json\" class=\"yoast-schema-graph\">{\"@context\":\"https:\/\/schema.org\",\"@graph\":[{\"@type\":\"WebPage\",\"@id\":\"https:\/\/ish-value-of-water.com\/de\/news\/\",\"url\":\"https:\/\/ish-value-of-water.com\/de\/news\/\",\"name\":\"News - ISH - Value of Water\",\"isPartOf\":{\"@id\":\"https:\/\/ish-value-of-water.com\/de\/#website\"},\"datePublished\":\"2025-01-21T09:40:52+00:00\",\"dateModified\":\"2025-02-13T09:00:58+00:00\",\"breadcrumb\":{\"@id\":\"https:\/\/ish-value-of-water.com\/de\/news\/#breadcrumb\"},\"inLanguage\":\"de\",\"potentialAction\":[{\"@type\":\"ReadAction\",\"target\":[\"https:\/\/ish-value-of-water.com\/de\/news\/\"]}]},{\"@type\":\"BreadcrumbList\",\"@id\":\"https:\/\/ish-value-of-water.com\/de\/news\/#breadcrumb\",\"itemListElement\":[{\"@type\":\"ListItem\",\"position\":1,\"name\":\"Home\",\"item\":\"https:\/\/ish-value-of-water.com\/de\/start\/\"},{\"@type\":\"ListItem\",\"position\":2,\"name\":\"News\"}]},{\"@type\":\"WebSite\",\"@id\":\"https:\/\/ish-value-of-water.com\/de\/#website\",\"url\":\"https:\/\/ish-value-of-water.com\/de\/\",\"name\":\"ISH - Value of Water\",\"description\":\"\",\"publisher\":{\"@id\":\"https:\/\/ish-value-of-water.com\/de\/#organization\"},\"potentialAction\":[{\"@type\":\"SearchAction\",\"target\":{\"@type\":\"EntryPoint\",\"urlTemplate\":\"https:\/\/ish-value-of-water.com\/de\/?s={search_term_string}\"},\"query-input\":{\"@type\":\"PropertyValueSpecification\",\"valueRequired\":true,\"valueName\":\"search_term_string\"}}],\"inLanguage\":\"de\"},{\"@type\":\"Organization\",\"@id\":\"https:\/\/ish-value-of-water.com\/de\/#organization\",\"name\":\"ISH - Value of Water\",\"url\":\"https:\/\/ish-value-of-water.com\/de\/\",\"logo\":{\"@type\":\"ImageObject\",\"inLanguage\":\"de\",\"@id\":\"https:\/\/ish-value-of-water.com\/de\/#\/schema\/logo\/image\/\",\"url\":\"https:\/\/ish-value-of-water.com\/wp-content\/uploads\/2024\/08\/ISH_RGB.svg\",\"contentUrl\":\"https:\/\/ish-value-of-water.com\/wp-content\/uploads\/2024\/08\/ISH_RGB.svg\",\"width\":44,\"height\":24,\"caption\":\"ISH - Value of Water\"},\"image\":{\"@id\":\"https:\/\/ish-value-of-water.com\/de\/#\/schema\/logo\/image\/\"},\"sameAs\":[\"https:\/\/www.facebook.com\/ISHfrankfurt\",\"https:\/\/x.com\/ish_frankfurt\",\"https:\/\/www.linkedin.com\/showcase\/ish-frankfurt\"]}]}<\/script>\n<!-- \/ Yoast SEO plugin. -->","yoast_head_json":{"title":"News - ISH - Value of Water","robots":{"index":"index","follow":"follow","max-snippet":"max-snippet:-1","max-image-preview":"max-image-preview:large","max-video-preview":"max-video-preview:-1"},"canonical":"https:\/\/ish-value-of-water.com\/de\/news\/","og_locale":"de_DE","og_type":"article","og_title":"News - ISH - Value of Water","og_url":"https:\/\/ish-value-of-water.com\/de\/news\/","og_site_name":"ISH - Value of Water","article_publisher":"https:\/\/www.facebook.com\/ISHfrankfurt","article_modified_time":"2025-02-13T09:00:58+00:00","og_image":[{"width":1118,"height":499,"url":"https:\/\/ish-value-of-water.com\/wp-content\/uploads\/2024\/10\/ish-vow-og.png","type":"image\/png"}],"twitter_card":"summary_large_image","twitter_site":"@ish_frankfurt","schema":{"@context":"https:\/\/schema.org","@graph":[{"@type":"WebPage","@id":"https:\/\/ish-value-of-water.com\/de\/news\/","url":"https:\/\/ish-value-of-water.com\/de\/news\/","name":"News - ISH - Value of Water","isPartOf":{"@id":"https:\/\/ish-value-of-water.com\/de\/#website"},"datePublished":"2025-01-21T09:40:52+00:00","dateModified":"2025-02-13T09:00:58+00:00","breadcrumb":{"@id":"https:\/\/ish-value-of-water.com\/de\/news\/#breadcrumb"},"inLanguage":"de","potentialAction":[{"@type":"ReadAction","target":["https:\/\/ish-value-of-water.com\/de\/news\/"]}]},{"@type":"BreadcrumbList","@id":"https:\/\/ish-value-of-water.com\/de\/news\/#breadcrumb","itemListElement":[{"@type":"ListItem","position":1,"name":"Home","item":"https:\/\/ish-value-of-water.com\/de\/start\/"},{"@type":"ListItem","position":2,"name":"News"}]},{"@type":"WebSite","@id":"https:\/\/ish-value-of-water.com\/de\/#website","url":"https:\/\/ish-value-of-water.com\/de\/","name":"ISH - Value of Water","description":"","publisher":{"@id":"https:\/\/ish-value-of-water.com\/de\/#organization"},"potentialAction":[{"@type":"SearchAction","target":{"@type":"EntryPoint","urlTemplate":"https:\/\/ish-value-of-water.com\/de\/?s={search_term_string}"},"query-input":{"@type":"PropertyValueSpecification","valueRequired":true,"valueName":"search_term_string"}}],"inLanguage":"de"},{"@type":"Organization","@id":"https:\/\/ish-value-of-water.com\/de\/#organization","name":"ISH - Value of Water","url":"https:\/\/ish-value-of-water.com\/de\/","logo":{"@type":"ImageObject","inLanguage":"de","@id":"https:\/\/ish-value-of-water.com\/de\/#\/schema\/logo\/image\/","url":"https:\/\/ish-value-of-water.com\/wp-content\/uploads\/2024\/08\/ISH_RGB.svg","contentUrl":"https:\/\/ish-value-of-water.com\/wp-content\/uploads\/2024\/08\/ISH_RGB.svg","width":44,"height":24,"caption":"ISH - Value of Water"},"image":{"@id":"https:\/\/ish-value-of-water.com\/de\/#\/schema\/logo\/image\/"},"sameAs":["https:\/\/www.facebook.com\/ISHfrankfurt","https:\/\/x.com\/ish_frankfurt","https:\/\/www.linkedin.com\/showcase\/ish-frankfurt"]}]}},"_links":{"self":[{"href":"https:\/\/ish-value-of-water.com\/de\/wp-json\/wp\/v2\/pages\/840"}],"collection":[{"href":"https:\/\/ish-value-of-water.com\/de\/wp-json\/wp\/v2\/pages"}],"about":[{"href":"https:\/\/ish-value-of-water.com\/de\/wp-json\/wp\/v2\/types\/page"}],"author":[{"embeddable":true,"href":"https:\/\/ish-value-of-water.com\/de\/wp-json\/wp\/v2\/users\/2"}],"replies":[{"embeddable":true,"href":"https:\/\/ish-value-of-water.com\/de\/wp-json\/wp\/v2\/comments?post=840"}],"version-history":[{"count":5,"href":"https:\/\/ish-value-of-water.com\/de\/wp-json\/wp\/v2\/pages\/840\/revisions"}],"predecessor-version":[{"id":1048,"href":"https:\/\/ish-value-of-water.com\/de\/wp-json\/wp\/v2\/pages\/840\/revisions\/1048"}],"wp:attachment":[{"href":"https:\/\/ish-value-of-water.com\/de\/wp-json\/wp\/v2\/media?parent=840"}],"curies":[{"name":"wp","href":"https:\/\/api.w.org\/{rel}","templated":true}]}}