{"id":593,"date":"2024-10-08T12:10:03","date_gmt":"2024-10-08T10:10:03","guid":{"rendered":"https:\/\/ish-value-of-water.com\/press-organisation\/"},"modified":"2025-01-20T10:39:22","modified_gmt":"2025-01-20T09:39:22","slug":"presse-organisation","status":"publish","type":"page","link":"https:\/\/ish-value-of-water.com\/de\/presse-organisation\/","title":{"rendered":"Presse &amp; Organisation"},"content":{"rendered":"\n\t\t<div class=\"wp-block-header-cubes alignfull has-height-large\" style=\"background-image: url(https:\/\/ish-value-of-water.com\/wp-content\/uploads\/2024\/10\/Congress-Center-Messe-Frankfurt.webp.jpg);\" >\n\t\t\t\t\t\t<div class=\"header-cubes__cubes\">\n\t\t\t\t\t\t\t\t<div class=\"header-cubes__cube header-cubes__cube--product\">\n\t\t\t\t\t\t\t\t\t\t\t<div class=\"header-cubes__cube--product__wordmark\">\n\t\t\t\t\t\t\t<img decoding=\"async\" src=\"https:\/\/ish-value-of-water.com\/wp-content\/uploads\/2024\/08\/ISH_White.svg\" alt=\"\">\n\t\t\t\t\t\t<\/div>\n\t\t\t\t\t\t\t\t\t\t<div class=\"header-cubes__cube--product__date-location-wrapper\">\n\t\t\t\t\t\t<div class=\"header-cubes__cube--product__date\">\n\t\t\t\t\t\t\t17. \u2013 18.03.25\t\t\t\t\t\t<\/div>\n\t\t\t\t\t\t<div class=\"header-cubes__cube--product__location\">\n\t\t\t\t\t\t\tFrankfurt<br>Kongresszentrum\t\t\t\t\t\t<\/div>\n\t\t\t\t\t<\/div>\n\t\t\t\t\t<a href=\"https:\/\/ish.messefrankfurt.com\/frankfurt\/de.html\" class=\"header-cubes__cube--product__link\" target=\"_blank\"><\/a>\n\t\t\t\t<\/div>\n\t\t\t\t\t\t\t\t\t<div class=\"header-cubes__cube header-cubes__cube--communication\">\n\t\t\t\t\t\t<div class=\"header-cubes__cube--communication__inner\">\n\t\t\t\t\t\t\t<div class=\"header-cubes__cube--communication__headline\">\n\t\t\t\t\t\t\t\tPioneering future solutions for clean water and sanitation\t\t\t\t\t\t\t<\/div>\n\t\t\t\t\t\t\t<div class=\"header-cubes__cube--communication__text\">\n\t\t\t\t\t\t\t\t<p><\/p>\n\t\t\t\t\t\t\t<\/div>\n\t\t\t\t\t\t<\/div>\n\t\t\t\t\t\t\t\t\t\t\t<\/div>\n\t\t\t\t\t\t\t\t<\/div>\n\t\t\t\t\t<\/div>\n\t\t\n\n\n<p><\/p>\n\n\n\n<div class=\"wp-block-group is-layout-constrained wp-block-group-is-layout-constrained ce-provider\">\n<h2 class=\"wp-block-heading ce-provider\"><strong><strong><strong>Wegbeschreibung zum Kongresszentrum Messe Frankfurt<\/strong><\/strong><\/strong><\/h2>\n\n\n\n<div class=\"wp-block-media-text has-media-on-the-right is-stacked-on-mobile ce-provider\"><div class=\"wp-block-media-text__content ce-provider\">\n<p><strong>Von der Autobahn<br \/><\/strong>Bitte folgen Sie auf der Autobahn der Beschilderung Westkreuz Frankfurt und Messe, danach der Ausschilderung Stadtmitte\/Congress C.. Sie gelangen auf die Theodor-Heuss-Allee und biegen rechts ein in die Zufahrt zum Parkhaus Congress Center\/Maritim Hotel. Weitere Parkm\u00f6glichkeiten stehen im Parkhaus Marriott Hotel und im Parkhaus unter dem Messeturm zur Verf\u00fcgung.<\/p>\n<p><strong>Vom Hauptbahnhof<br \/><\/strong>Zu Fu\u00df ben\u00f6tigen Sie etwa 10 Minuten bis zum Kongresszentrum. Bitte folgen Sie der D\u00fcsseldorfer Stra\u00dfe \u00fcber den Platz der Republik auf die Friedrich-Ebert Anlage. Sie laufen am Messeturm vorbei auf die Ludwig-Erhard Anlage zu, direkt vor das Congress Center bzw. Maritim Hotel.<\/p>\n<p>Mit der U 4 sind Sie vom Hauptbahnhof aus in wenigen Minuten an der Station Festhalle\/Messe. Bitte folgen Sie in der Station der Ausschilderung \u201aMesse\u2018. Sie kommen direkt am Eingang City heraus, von hier ist es nur ein kurzer Fu\u00dfweg um den Messeturm herum zum Kongresszentrum.<\/p>\n<p>Mit der Stra\u00dfenbahnlinie 16 fahren Sie vom Hauptbahnhof vier Stationen zur Haltestelle Ludwig-Erhard-Anlage. Der Ausstieg ist direkt gegen\u00fcber vom Congress Center und Maritim Hotel. Sie \u00fcberqueren die Stra\u00dfe und gehen in das Maritim Hotel. Der Fu\u00dfweg zum Kongresszentrum betr\u00e4gt ca. 10 Minuten. Bitte folgen Sie der D\u00fcsseldorfer Stra\u00dfe \u00fcber den Platz der Republik bis zur Friedrich-Ebert-Anlage. Gehen Sie am Messeturm vorbei in Richtung Ludwig-Erhard-Anlage, direkt vor dem Kongresszentrum oder dem Maritim Hotel.<\/p>\n<p><strong>Vom Flughafen aus<br \/><\/strong>Vom S-Bahnhof Frankfurt Flughafen fahren die S-Bahn-Linien S8 und S9 (Rtg. Offenbach) im 15-Minuten-Takt zum Hauptbahnhof Frankfurt. Dort steigen Sie um (siehe Hauptbahnhof). Mit dem Taxi ben\u00f6tigen Sie f\u00fcr die 15 km etwa 15-20 Minuten.<\/p>\n\n\n\n<p><\/p>\n\n\n\n<div class=\"wp-block-buttons is-layout-flex wp-block-buttons-is-layout-flex ce-provider\">\n<div class=\"wp-block-button is-style-hmg-primary ce-provider\"><a class=\"wp-block-button__link wp-element-button ce-provider\" href=\"https:\/\/hotelmap.com\/MKVAX\" target=\"_blank\" rel=\"noreferrer noopener\">\u00dcbernachtungsm\u00f6glichkeiten<\/a><\/div>\n<\/div>\n<\/div><figure class=\"wp-block-media-text__media ce-provider\"><img loading=\"lazy\" decoding=\"async\" width=\"800\" height=\"800\" src=\"https:\/\/ish-value-of-water.com\/wp-content\/uploads\/2024\/10\/CMF-2020.webp.jpg\" alt=\"\" class=\"wp-image-475 size-full\" srcset=\"https:\/\/ish-value-of-water.com\/wp-content\/uploads\/2024\/10\/CMF-2020.webp.jpg 800w, https:\/\/ish-value-of-water.com\/wp-content\/uploads\/2024\/10\/CMF-2020.webp-300x300.jpg 300w, https:\/\/ish-value-of-water.com\/wp-content\/uploads\/2024\/10\/CMF-2020.webp-150x150.jpg 150w, https:\/\/ish-value-of-water.com\/wp-content\/uploads\/2024\/10\/CMF-2020.webp-768x768.jpg 768w\" sizes=\"(max-width: 800px) 100vw, 800px\" \/><\/figure><\/div>\n<\/div>\n\n\n\n<div class=\"wp-block-group is-layout-constrained wp-block-group-is-layout-constrained ce-provider\">\n<h2 class=\"wp-block-heading ce-provider\">Presse<\/h2>\n\n\n\n<p>Wir bieten Journalisten und Redakteuren eine Plattform, um mit Experten aus Wirtschaft, Politik und Wissenschaft in den Dialog zu treten.<\/p>\n<p><strong>Akkreditierungsrichtlinien<\/strong><\/p>\n<p>Als Konferenzveranstalter wollen wir Journalisten den Zugang zu Informationen \u00fcber unsere Veranstaltungen und unser Unternehmen mit Hilfe einer Akkreditierung erleichtern. Die Akkreditierung wird ausschlie\u00dflich zum Zwecke der journalistischen Berichterstattung vergeben.<\/p>\n<p><strong>Akkreditierung<\/strong><\/p>\n<p>Bitte akkreditieren Sie sich unter folgendem Link:<\/p>\n\n\n\n<div class=\"wp-block-buttons is-layout-flex wp-block-buttons-is-layout-flex ce-provider\">\n<div class=\"wp-block-button is-style-hmg-primary ce-provider\"><a class=\"wp-block-button__link wp-element-button ce-provider\" href=\"https:\/\/presseakkreditierung.messefrankfurt.com\/pac\/de\/login.html?_origin_page=pac%2Fwebapp%2Fcontent%2Fcontent%2Findex\" target=\"_blank\" rel=\"noreferrer noopener\">Akkreditierung<\/a><\/div>\n<\/div>\n<\/div>\n\n\n\t\t\t\t\t<div class=\"wp-block-kontakt is-style-grid \" style=\"--contact-item-width: 200px; --contact-item-max-width: 1fr;\" >\r\n\t\t\t\t<h2 class=\"hmg-contact__title\">Kontakten Sie unser Team<\/h2>\r\n\t\t\t\t\t\t\t\t<div class=\"hmg-contact__layout\">\r\n\t\t\t\t\t\t<div class=\"hmg-contact\">\r\n\t\t<div class=\"hmg-contact__cover\"><img decoding=\"async\" class=\"hmg-contact__image\" src=\"https:\/\/ish-value-of-water.com\/wp-content\/uploads\/2024\/10\/Neytchev.png\" role=\"presentation\"><\/div>\r\n\t\t<div class=\"hmg-contact__details\">\r\n\t\t\t<div class=\"hmg-contact__name_wrapper\">\r\n\t\t\t\t<span class=\"hmg-contact__name\">Anke Neytchev<\/span>\r\n\t\t\t\t<span class=\"hmg-contact__role\">Event Production Lead<\/span>\r\n\t\t\t<\/div>\r\n\t\t\t<a class=\"hmg-contact__email\" href=\"mailto:a.neytchev@handelsblattgroup.com\">a.neytchev@handelsblattgroup.com\t\t\t<\/a>\r\n\t\t\t<a class=\"hmg-contact__phone mobile-only\" href=\"tel:+4921188743606\">+49 211 8874 3606<\/a>\r\n\t\t\t<div class=\"hmg-contact__bio\">\r\n\t\t\t\t\t\t\t<\/div>\r\n\t\t<\/div>\r\n\t<\/div>\r\n\t<div class=\"hmg-contact\">\r\n\t\t<div class=\"hmg-contact__cover\"><img decoding=\"async\" class=\"hmg-contact__image\" src=\"https:\/\/ish-value-of-water.com\/wp-content\/uploads\/2024\/10\/juergens.png\" role=\"presentation\"><\/div>\r\n\t\t<div class=\"hmg-contact__details\">\r\n\t\t\t<div class=\"hmg-contact__name_wrapper\">\r\n\t\t\t\t<span class=\"hmg-contact__name\">Imke J\u00fcrgens<\/span>\r\n\t\t\t\t<span class=\"hmg-contact__role\">Kundenberatung<\/span>\r\n\t\t\t<\/div>\r\n\t\t\t<a class=\"hmg-contact__email\" href=\"mailto:anmeldung@euroforum.com\">anmeldung@euroforum.com\t\t\t<\/a>\r\n\t\t\t<a class=\"hmg-contact__phone mobile-only\" href=\"tel:+4921188743599\">+49 211 8874 3599<\/a>\r\n\t\t\t<div class=\"hmg-contact__bio\">\r\n\t\t\t\t\t\t\t<\/div>\r\n\t\t<\/div>\r\n\t<\/div>\r\n\t<div class=\"hmg-contact\">\r\n\t\t<div class=\"hmg-contact__cover\"><img decoding=\"async\" class=\"hmg-contact__image\" src=\"https:\/\/ish-value-of-water.com\/wp-content\/uploads\/2024\/09\/Knezevic-1.png\" role=\"presentation\"><\/div>\r\n\t\t<div class=\"hmg-contact__details\">\r\n\t\t\t<div class=\"hmg-contact__name_wrapper\">\r\n\t\t\t\t<span class=\"hmg-contact__name\">Alexandra Knezevic<\/span>\r\n\t\t\t\t<span class=\"hmg-contact__role\">Event Marketing Lead<\/span>\r\n\t\t\t<\/div>\r\n\t\t\t<a class=\"hmg-contact__email\" href=\"mailto:a.knezevic@handelsblattgroup.com\">a.knezevic@handelsblattgroup.com\t\t\t<\/a>\r\n\t\t\t<a class=\"hmg-contact__phone mobile-only\" href=\"tel:+4921188743161\">+49 211 8874 3161<\/a>\r\n\t\t\t<div class=\"hmg-contact__bio\">\r\n\t\t\t\t\t\t\t<\/div>\r\n\t\t<\/div>\r\n\t<\/div>\r\n\t<div class=\"hmg-contact\">\r\n\t\t<div class=\"hmg-contact__cover\"><img decoding=\"async\" class=\"hmg-contact__image\" src=\"https:\/\/ish-value-of-water.com\/wp-content\/uploads\/2024\/10\/weber.png\" role=\"presentation\"><\/div>\r\n\t\t<div class=\"hmg-contact__details\">\r\n\t\t\t<div class=\"hmg-contact__name_wrapper\">\r\n\t\t\t\t<span class=\"hmg-contact__name\">Stefanie Weber<\/span>\r\n\t\t\t\t<span class=\"hmg-contact__role\">Sponsoring &#038; Partnerschaften<\/span>\r\n\t\t\t<\/div>\r\n\t\t\t<a class=\"hmg-contact__email\" href=\"mailto:s.weber@handelsblattgroup.com\">s.weber@handelsblattgroup.com\t\t\t<\/a>\r\n\t\t\t<a class=\"hmg-contact__phone mobile-only\" href=\"tel:+491788323009\">+49 178 8323009<\/a>\r\n\t\t\t<div class=\"hmg-contact__bio\">\r\n\t\t\t\t\t\t\t<\/div>\r\n\t\t<\/div>\r\n\t<\/div>\r\n\t<div class=\"hmg-contact\">\r\n\t\t<div class=\"hmg-contact__cover\"><img decoding=\"async\" class=\"hmg-contact__image\" src=\"https:\/\/ish-value-of-water.com\/wp-content\/uploads\/2024\/10\/Christoph.png\" role=\"presentation\"><\/div>\r\n\t\t<div class=\"hmg-contact__details\">\r\n\t\t\t<div class=\"hmg-contact__name_wrapper\">\r\n\t\t\t\t<span class=\"hmg-contact__name\">Lea Christoph<\/span>\r\n\t\t\t\t<span class=\"hmg-contact__role\">Junior Manager Event Production<\/span>\r\n\t\t\t<\/div>\r\n\t\t\t<a class=\"hmg-contact__email\" href=\"mailto:l.christoph@handelsblattgroup.com\">l.christoph@handelsblattgroup.com\t\t\t<\/a>\r\n\t\t\t<a class=\"hmg-contact__phone mobile-only\" href=\"tel:+4921188743628\">+49 211 8874 3628<\/a>\r\n\t\t\t<div class=\"hmg-contact__bio\">\r\n\t\t\t\t\t\t\t<\/div>\r\n\t\t<\/div>\r\n\t<\/div>\r\n\t\t\t\t<\/div>\r\n\t\t\t<\/div>\r\n\t\t\n\n\n<div class=\"wp-block-group is-layout-constrained wp-block-group-is-layout-constrained ce-provider\">\n<h2 class=\"wp-block-heading ce-provider\"><strong>F\u00fcr generelle Anfragen zur ISH kontaktieren Sie bitte&nbsp;<\/strong><\/h2>\n\n\n\t\t\t\t\t<div class=\"wp-block-kontakt is-style-grid is-highlighted is-style-primary ce-provider\" style=\"--contact-item-width: 200px; --contact-item-max-width: 1fr;\" >\r\n\t\t\t\t<h2 class=\"hmg-contact__title\"><\/h2>\r\n\t\t\t\t\t\t\t\t<div class=\"hmg-contact__layout\">\r\n\t\t\t\t\t\t<div class=\"hmg-contact\">\r\n\t\t<div class=\"hmg-contact__cover\"><img decoding=\"async\" class=\"hmg-contact__image\" src=\"https:\/\/ish-value-of-water.com\/wp-content\/uploads\/2024\/10\/kundenservice.png\" role=\"presentation\"><\/div>\r\n\t\t<div class=\"hmg-contact__details\">\r\n\t\t\t<div class=\"hmg-contact__name_wrapper\">\r\n\t\t\t\t<span class=\"hmg-contact__name\">Spezielle Fragen zu den Tickets<\/span>\r\n\t\t\t\t<span class=\"hmg-contact__role\"><\/span>\r\n\t\t\t<\/div>\r\n\t\t\t<a class=\"hmg-contact__email\" href=\"mailto:tickets@messefrankfurt.com\">tickets@messefrankfurt.com\t\t\t<\/a>\r\n\t\t\t<a class=\"hmg-contact__phone mobile-only\" href=\"tel:+496975755000\">+49 69 75 75 5000<\/a>\r\n\t\t\t<div class=\"hmg-contact__bio\">\r\n\t\t\t\t\t\t\t<\/div>\r\n\t\t<\/div>\r\n\t<\/div>\r\n\t<div class=\"hmg-contact\">\r\n\t\t<div class=\"hmg-contact__cover\"><img decoding=\"async\" class=\"hmg-contact__image\" src=\"https:\/\/ish-value-of-water.com\/wp-content\/uploads\/2024\/10\/Anja-Peukert.png\" role=\"presentation\"><\/div>\r\n\t\t<div class=\"hmg-contact__details\">\r\n\t\t\t<div class=\"hmg-contact__name_wrapper\">\r\n\t\t\t\t<span class=\"hmg-contact__name\">Anja Peukert<\/span>\r\n\t\t\t\t<span class=\"hmg-contact__role\">Allgemeine Fragen zur ISH<\/span>\r\n\t\t\t<\/div>\r\n\t\t\t<a class=\"hmg-contact__email\" href=\"mailto:ish@messefrankfurt.com\">ish@messefrankfurt.com\t\t\t<\/a>\r\n\t\t\t<a class=\"hmg-contact__phone mobile-only\" href=\"tel:+496975753273\">+49 69 7575 3273<\/a>\r\n\t\t\t<div class=\"hmg-contact__bio\">\r\n\t\t\t\t\t\t\t<\/div>\r\n\t\t<\/div>\r\n\t<\/div>\r\n\t\t\t\t<\/div>\r\n\t\t\t<\/div>\r\n\t\t<\/div>\n","protected":false},"excerpt":{"rendered":"<p>Wegbeschreibung zum Kongresszentrum Messe Frankfurt Von der AutobahnBitte folgen Sie auf der Autobahn der Beschilderung Westkreuz Frankfurt und Messe, danach der Ausschilderung Stadtmitte\/Congress C.. Sie gelangen auf die Theodor-Heuss-Allee und biegen rechts ein in die Zufahrt zum Parkhaus Congress Center\/Maritim Hotel. Weitere Parkm\u00f6glichkeiten stehen im Parkhaus Marriott Hotel und im Parkhaus unter dem Messeturm zur&#8230;<\/p>\n","protected":false},"author":2,"featured_media":0,"parent":0,"menu_order":0,"comment_status":"closed","ping_status":"closed","template":"","meta":{"_acf_changed":false,"footnotes":""},"class_list":["post-593","page","type-page","status-publish","hentry"],"acf":[],"yoast_head":"<!-- This site is optimized with the Yoast SEO plugin v24.0 - https:\/\/yoast.com\/wordpress\/plugins\/seo\/ -->\n<title>Presse &amp; Organisation - ISH - Value of Water<\/title>\n<meta name=\"robots\" content=\"index, follow, max-snippet:-1, max-image-preview:large, max-video-preview:-1\" \/>\n<link rel=\"canonical\" href=\"https:\/\/ish-value-of-water.com\/de\/presse-organisation\/\" \/>\n<meta property=\"og:locale\" content=\"de_DE\" \/>\n<meta property=\"og:type\" content=\"article\" \/>\n<meta property=\"og:title\" content=\"Presse &amp; Organisation - ISH - Value of Water\" \/>\n<meta property=\"og:description\" content=\"Wegbeschreibung zum Kongresszentrum Messe Frankfurt Von der AutobahnBitte folgen Sie auf der Autobahn der Beschilderung Westkreuz Frankfurt und Messe, danach der Ausschilderung Stadtmitte\/Congress C.. Sie gelangen auf die Theodor-Heuss-Allee und biegen rechts ein in die Zufahrt zum Parkhaus Congress Center\/Maritim Hotel. Weitere Parkm\u00f6glichkeiten stehen im Parkhaus Marriott Hotel und im Parkhaus unter dem Messeturm zur...\" \/>\n<meta property=\"og:url\" content=\"https:\/\/ish-value-of-water.com\/de\/presse-organisation\/\" \/>\n<meta property=\"og:site_name\" content=\"ISH - Value of Water\" \/>\n<meta property=\"article:publisher\" content=\"https:\/\/www.facebook.com\/ISHfrankfurt\" \/>\n<meta property=\"article:modified_time\" content=\"2025-01-20T09:39:22+00:00\" \/>\n<meta property=\"og:image\" content=\"https:\/\/ish-value-of-water.com\/wp-content\/uploads\/2024\/10\/CMF-2020.webp.jpg\" \/>\n<meta name=\"twitter:card\" content=\"summary_large_image\" \/>\n<meta name=\"twitter:site\" content=\"@ish_frankfurt\" \/>\n<meta name=\"twitter:label1\" content=\"Gesch\u00e4tzte Lesezeit\" \/>\n\t<meta name=\"twitter:data1\" content=\"3\u00a0Minuten\" \/>\n<script type=\"application\/ld+json\" class=\"yoast-schema-graph\">{\"@context\":\"https:\/\/schema.org\",\"@graph\":[{\"@type\":\"WebPage\",\"@id\":\"https:\/\/ish-value-of-water.com\/de\/presse-organisation\/\",\"url\":\"https:\/\/ish-value-of-water.com\/de\/presse-organisation\/\",\"name\":\"Presse &amp; Organisation - ISH - Value of Water\",\"isPartOf\":{\"@id\":\"https:\/\/ish-value-of-water.com\/de\/#website\"},\"primaryImageOfPage\":{\"@id\":\"https:\/\/ish-value-of-water.com\/de\/presse-organisation\/#primaryimage\"},\"image\":{\"@id\":\"https:\/\/ish-value-of-water.com\/de\/presse-organisation\/#primaryimage\"},\"thumbnailUrl\":\"https:\/\/ish-value-of-water.com\/wp-content\/uploads\/2024\/10\/CMF-2020.webp.jpg\",\"datePublished\":\"2024-10-08T10:10:03+00:00\",\"dateModified\":\"2025-01-20T09:39:22+00:00\",\"breadcrumb\":{\"@id\":\"https:\/\/ish-value-of-water.com\/de\/presse-organisation\/#breadcrumb\"},\"inLanguage\":\"de\",\"potentialAction\":[{\"@type\":\"ReadAction\",\"target\":[\"https:\/\/ish-value-of-water.com\/de\/presse-organisation\/\"]}]},{\"@type\":\"ImageObject\",\"inLanguage\":\"de\",\"@id\":\"https:\/\/ish-value-of-water.com\/de\/presse-organisation\/#primaryimage\",\"url\":\"https:\/\/ish-value-of-water.com\/wp-content\/uploads\/2024\/10\/CMF-2020.webp.jpg\",\"contentUrl\":\"https:\/\/ish-value-of-water.com\/wp-content\/uploads\/2024\/10\/CMF-2020.webp.jpg\"},{\"@type\":\"BreadcrumbList\",\"@id\":\"https:\/\/ish-value-of-water.com\/de\/presse-organisation\/#breadcrumb\",\"itemListElement\":[{\"@type\":\"ListItem\",\"position\":1,\"name\":\"Home\",\"item\":\"https:\/\/ish-value-of-water.com\/de\/start\/\"},{\"@type\":\"ListItem\",\"position\":2,\"name\":\"Presse &amp; Organisation\"}]},{\"@type\":\"WebSite\",\"@id\":\"https:\/\/ish-value-of-water.com\/de\/#website\",\"url\":\"https:\/\/ish-value-of-water.com\/de\/\",\"name\":\"ISH - Value of Water\",\"description\":\"\",\"publisher\":{\"@id\":\"https:\/\/ish-value-of-water.com\/de\/#organization\"},\"potentialAction\":[{\"@type\":\"SearchAction\",\"target\":{\"@type\":\"EntryPoint\",\"urlTemplate\":\"https:\/\/ish-value-of-water.com\/de\/?s={search_term_string}\"},\"query-input\":{\"@type\":\"PropertyValueSpecification\",\"valueRequired\":true,\"valueName\":\"search_term_string\"}}],\"inLanguage\":\"de\"},{\"@type\":\"Organization\",\"@id\":\"https:\/\/ish-value-of-water.com\/de\/#organization\",\"name\":\"ISH - Value of Water\",\"url\":\"https:\/\/ish-value-of-water.com\/de\/\",\"logo\":{\"@type\":\"ImageObject\",\"inLanguage\":\"de\",\"@id\":\"https:\/\/ish-value-of-water.com\/de\/#\/schema\/logo\/image\/\",\"url\":\"https:\/\/ish-value-of-water.com\/wp-content\/uploads\/2024\/08\/ISH_RGB.svg\",\"contentUrl\":\"https:\/\/ish-value-of-water.com\/wp-content\/uploads\/2024\/08\/ISH_RGB.svg\",\"width\":44,\"height\":24,\"caption\":\"ISH - Value of Water\"},\"image\":{\"@id\":\"https:\/\/ish-value-of-water.com\/de\/#\/schema\/logo\/image\/\"},\"sameAs\":[\"https:\/\/www.facebook.com\/ISHfrankfurt\",\"https:\/\/x.com\/ish_frankfurt\",\"https:\/\/www.linkedin.com\/showcase\/ish-frankfurt\"]}]}<\/script>\n<!-- \/ Yoast SEO plugin. -->","yoast_head_json":{"title":"Presse &amp; Organisation - ISH - Value of Water","robots":{"index":"index","follow":"follow","max-snippet":"max-snippet:-1","max-image-preview":"max-image-preview:large","max-video-preview":"max-video-preview:-1"},"canonical":"https:\/\/ish-value-of-water.com\/de\/presse-organisation\/","og_locale":"de_DE","og_type":"article","og_title":"Presse &amp; Organisation - ISH - Value of Water","og_description":"Wegbeschreibung zum Kongresszentrum Messe Frankfurt Von der AutobahnBitte folgen Sie auf der Autobahn der Beschilderung Westkreuz Frankfurt und Messe, danach der Ausschilderung Stadtmitte\/Congress C.. Sie gelangen auf die Theodor-Heuss-Allee und biegen rechts ein in die Zufahrt zum Parkhaus Congress Center\/Maritim Hotel. Weitere Parkm\u00f6glichkeiten stehen im Parkhaus Marriott Hotel und im Parkhaus unter dem Messeturm zur...","og_url":"https:\/\/ish-value-of-water.com\/de\/presse-organisation\/","og_site_name":"ISH - Value of Water","article_publisher":"https:\/\/www.facebook.com\/ISHfrankfurt","article_modified_time":"2025-01-20T09:39:22+00:00","og_image":[{"url":"https:\/\/ish-value-of-water.com\/wp-content\/uploads\/2024\/10\/CMF-2020.webp.jpg","type":"","width":"","height":""}],"twitter_card":"summary_large_image","twitter_site":"@ish_frankfurt","twitter_misc":{"Gesch\u00e4tzte Lesezeit":"3\u00a0Minuten"},"schema":{"@context":"https:\/\/schema.org","@graph":[{"@type":"WebPage","@id":"https:\/\/ish-value-of-water.com\/de\/presse-organisation\/","url":"https:\/\/ish-value-of-water.com\/de\/presse-organisation\/","name":"Presse &amp; Organisation - ISH - Value of Water","isPartOf":{"@id":"https:\/\/ish-value-of-water.com\/de\/#website"},"primaryImageOfPage":{"@id":"https:\/\/ish-value-of-water.com\/de\/presse-organisation\/#primaryimage"},"image":{"@id":"https:\/\/ish-value-of-water.com\/de\/presse-organisation\/#primaryimage"},"thumbnailUrl":"https:\/\/ish-value-of-water.com\/wp-content\/uploads\/2024\/10\/CMF-2020.webp.jpg","datePublished":"2024-10-08T10:10:03+00:00","dateModified":"2025-01-20T09:39:22+00:00","breadcrumb":{"@id":"https:\/\/ish-value-of-water.com\/de\/presse-organisation\/#breadcrumb"},"inLanguage":"de","potentialAction":[{"@type":"ReadAction","target":["https:\/\/ish-value-of-water.com\/de\/presse-organisation\/"]}]},{"@type":"ImageObject","inLanguage":"de","@id":"https:\/\/ish-value-of-water.com\/de\/presse-organisation\/#primaryimage","url":"https:\/\/ish-value-of-water.com\/wp-content\/uploads\/2024\/10\/CMF-2020.webp.jpg","contentUrl":"https:\/\/ish-value-of-water.com\/wp-content\/uploads\/2024\/10\/CMF-2020.webp.jpg"},{"@type":"BreadcrumbList","@id":"https:\/\/ish-value-of-water.com\/de\/presse-organisation\/#breadcrumb","itemListElement":[{"@type":"ListItem","position":1,"name":"Home","item":"https:\/\/ish-value-of-water.com\/de\/start\/"},{"@type":"ListItem","position":2,"name":"Presse &amp; Organisation"}]},{"@type":"WebSite","@id":"https:\/\/ish-value-of-water.com\/de\/#website","url":"https:\/\/ish-value-of-water.com\/de\/","name":"ISH - Value of Water","description":"","publisher":{"@id":"https:\/\/ish-value-of-water.com\/de\/#organization"},"potentialAction":[{"@type":"SearchAction","target":{"@type":"EntryPoint","urlTemplate":"https:\/\/ish-value-of-water.com\/de\/?s={search_term_string}"},"query-input":{"@type":"PropertyValueSpecification","valueRequired":true,"valueName":"search_term_string"}}],"inLanguage":"de"},{"@type":"Organization","@id":"https:\/\/ish-value-of-water.com\/de\/#organization","name":"ISH - Value of Water","url":"https:\/\/ish-value-of-water.com\/de\/","logo":{"@type":"ImageObject","inLanguage":"de","@id":"https:\/\/ish-value-of-water.com\/de\/#\/schema\/logo\/image\/","url":"https:\/\/ish-value-of-water.com\/wp-content\/uploads\/2024\/08\/ISH_RGB.svg","contentUrl":"https:\/\/ish-value-of-water.com\/wp-content\/uploads\/2024\/08\/ISH_RGB.svg","width":44,"height":24,"caption":"ISH - Value of Water"},"image":{"@id":"https:\/\/ish-value-of-water.com\/de\/#\/schema\/logo\/image\/"},"sameAs":["https:\/\/www.facebook.com\/ISHfrankfurt","https:\/\/x.com\/ish_frankfurt","https:\/\/www.linkedin.com\/showcase\/ish-frankfurt"]}]}},"_links":{"self":[{"href":"https:\/\/ish-value-of-water.com\/de\/wp-json\/wp\/v2\/pages\/593"}],"collection":[{"href":"https:\/\/ish-value-of-water.com\/de\/wp-json\/wp\/v2\/pages"}],"about":[{"href":"https:\/\/ish-value-of-water.com\/de\/wp-json\/wp\/v2\/types\/page"}],"author":[{"embeddable":true,"href":"https:\/\/ish-value-of-water.com\/de\/wp-json\/wp\/v2\/users\/2"}],"replies":[{"embeddable":true,"href":"https:\/\/ish-value-of-water.com\/de\/wp-json\/wp\/v2\/comments?post=593"}],"version-history":[{"count":13,"href":"https:\/\/ish-value-of-water.com\/de\/wp-json\/wp\/v2\/pages\/593\/revisions"}],"predecessor-version":[{"id":894,"href":"https:\/\/ish-value-of-water.com\/de\/wp-json\/wp\/v2\/pages\/593\/revisions\/894"}],"wp:attachment":[{"href":"https:\/\/ish-value-of-water.com\/de\/wp-json\/wp\/v2\/media?parent=593"}],"curies":[{"name":"wp","href":"https:\/\/api.w.org\/{rel}","templated":true}]}}