{"id":200,"date":"2024-09-18T10:56:34","date_gmt":"2024-09-18T08:56:34","guid":{"rendered":"https:\/\/ish-value-of-water.com\/?page_id=200"},"modified":"2024-09-18T11:00:12","modified_gmt":"2024-09-18T09:00:12","slug":"impressum","status":"publish","type":"page","link":"https:\/\/ish-value-of-water.com\/de\/impressum\/","title":{"rendered":"Impressum"},"content":{"rendered":"\n<div class=\"wp-block-group is-layout-constrained wp-block-group-is-layout-constrained ce-provider\">\n<p><strong>Euroforum Deutschland GmbH<\/strong><br>Toulouser Allee 27<br>40211 D\u00fcsseldorf<br><br>Postfach 11 12 34<br>40512 D\u00fcsseldorf<br><br>Amtsgericht D\u00fcsseldorf<br>HRB 81764<br>E.USt.Nr.: DE260 960 293<br><br>Telefon: +49 (0)211\/8874-33 33 (Zentrale)<br>Telefax: +49 (0)211\/8874-40 00 (Zentrale)<br><br><a href=\"mailto:%69%6E%66%6F%40%65%75%72%6F%66%6F%72%75%6D%2E%63%6F%6D\">info@euroforum.com<\/a><br><br>Gesch\u00e4ftsf\u00fchrung: Andrea Wasmuth (Vorsitz), Sebastian Christensen<\/p>\n\n\n\n<p><strong>Bildnachweis eigener Fotos:&nbsp;<\/strong><\/p>\n\n\n\n<p>Die hier genutzten Fotos sind urheberrechtlich gesch\u00fctzt. Speicherung, Verbreitung und Verwertung in gedruckter sowie elektronischer Form bed\u00fcrfen eines schriftlichen Antrags auf Nutzungsgenehmigung an den Nutzungsrechteinhaber EUROFORUM Deutschland GmbH. Die Aufnahmen unserer Konferenzen wurden von den Fotografen Wolfgang Borrs, Bert Bostelmann, Dietmar Guist, Marc-Andr\u00e9 und Stefanie Hergenr\u00f6der, Thorsten Jochim, Sebastian Muth, Willi Nothers, Bernd Roselieb, Andreas Schoelzel, Marc Steffen Unger, Uta Wagner erstellt.<\/p>\n<\/div>\n","protected":false},"excerpt":{"rendered":"<p>Euroforum Deutschland GmbHToulouser Allee 2740211 D\u00fcsseldorf Postfach 11 12 3440512 D\u00fcsseldorf Amtsgericht D\u00fcsseldorfHRB 81764E.USt.Nr.: DE260 960 293 Telefon: +49 (0)211\/8874-33 33 (Zentrale)Telefax: +49 (0)211\/8874-40 00 (Zentrale) info@euroforum.com Gesch\u00e4ftsf\u00fchrung: Andrea Wasmuth (Vorsitz), Sebastian Christensen Bildnachweis eigener Fotos:&nbsp; Die hier genutzten Fotos sind urheberrechtlich gesch\u00fctzt. Speicherung, Verbreitung und Verwertung in gedruckter sowie elektronischer Form bed\u00fcrfen eines schriftlichen&#8230;<\/p>\n","protected":false},"author":1,"featured_media":0,"parent":0,"menu_order":0,"comment_status":"closed","ping_status":"closed","template":"","meta":{"_acf_changed":false,"footnotes":""},"class_list":["post-200","page","type-page","status-publish","hentry"],"acf":[],"yoast_head":"<!-- This site is optimized with the Yoast SEO plugin v24.0 - https:\/\/yoast.com\/wordpress\/plugins\/seo\/ -->\n<title>Impressum - ISH - Value of Water<\/title>\n<meta name=\"robots\" content=\"index, follow, max-snippet:-1, max-image-preview:large, max-video-preview:-1\" \/>\n<link rel=\"canonical\" href=\"https:\/\/ish-value-of-water.com\/de\/impressum\/\" \/>\n<meta property=\"og:locale\" content=\"de_DE\" \/>\n<meta property=\"og:type\" content=\"article\" \/>\n<meta property=\"og:title\" content=\"Impressum - ISH - Value of Water\" \/>\n<meta property=\"og:description\" content=\"Euroforum Deutschland GmbHToulouser Allee 2740211 D\u00fcsseldorf Postfach 11 12 3440512 D\u00fcsseldorf Amtsgericht D\u00fcsseldorfHRB 81764E.USt.Nr.: DE260 960 293 Telefon: +49 (0)211\/8874-33 33 (Zentrale)Telefax: +49 (0)211\/8874-40 00 (Zentrale) info@euroforum.com Gesch\u00e4ftsf\u00fchrung: Andrea Wasmuth (Vorsitz), Sebastian Christensen Bildnachweis eigener Fotos:&nbsp; Die hier genutzten Fotos sind urheberrechtlich gesch\u00fctzt. Speicherung, Verbreitung und Verwertung in gedruckter sowie elektronischer Form bed\u00fcrfen eines schriftlichen...\" \/>\n<meta property=\"og:url\" content=\"https:\/\/ish-value-of-water.com\/de\/impressum\/\" \/>\n<meta property=\"og:site_name\" content=\"ISH - Value of Water\" \/>\n<meta property=\"article:publisher\" content=\"https:\/\/www.facebook.com\/ISHfrankfurt\" \/>\n<meta property=\"article:modified_time\" content=\"2024-09-18T09:00:12+00:00\" \/>\n<meta property=\"og:image\" content=\"https:\/\/ish-value-of-water.com\/wp-content\/uploads\/2024\/10\/ish-vow-og.png\" \/>\n\t<meta property=\"og:image:width\" content=\"1118\" \/>\n\t<meta property=\"og:image:height\" content=\"499\" \/>\n\t<meta property=\"og:image:type\" content=\"image\/png\" \/>\n<meta name=\"twitter:card\" content=\"summary_large_image\" \/>\n<meta name=\"twitter:site\" content=\"@ish_frankfurt\" \/>\n<meta name=\"twitter:label1\" content=\"Gesch\u00e4tzte Lesezeit\" \/>\n\t<meta name=\"twitter:data1\" content=\"1\u00a0Minute\" \/>\n<script type=\"application\/ld+json\" class=\"yoast-schema-graph\">{\"@context\":\"https:\/\/schema.org\",\"@graph\":[{\"@type\":\"WebPage\",\"@id\":\"https:\/\/ish-value-of-water.com\/de\/impressum\/\",\"url\":\"https:\/\/ish-value-of-water.com\/de\/impressum\/\",\"name\":\"Impressum - ISH - Value of Water\",\"isPartOf\":{\"@id\":\"https:\/\/ish-value-of-water.com\/de\/#website\"},\"datePublished\":\"2024-09-18T08:56:34+00:00\",\"dateModified\":\"2024-09-18T09:00:12+00:00\",\"breadcrumb\":{\"@id\":\"https:\/\/ish-value-of-water.com\/de\/impressum\/#breadcrumb\"},\"inLanguage\":\"de\",\"potentialAction\":[{\"@type\":\"ReadAction\",\"target\":[\"https:\/\/ish-value-of-water.com\/de\/impressum\/\"]}]},{\"@type\":\"BreadcrumbList\",\"@id\":\"https:\/\/ish-value-of-water.com\/de\/impressum\/#breadcrumb\",\"itemListElement\":[{\"@type\":\"ListItem\",\"position\":1,\"name\":\"Home\",\"item\":\"https:\/\/ish-value-of-water.com\/de\/start\/\"},{\"@type\":\"ListItem\",\"position\":2,\"name\":\"Impressum\"}]},{\"@type\":\"WebSite\",\"@id\":\"https:\/\/ish-value-of-water.com\/de\/#website\",\"url\":\"https:\/\/ish-value-of-water.com\/de\/\",\"name\":\"ISH - Value of Water\",\"description\":\"\",\"publisher\":{\"@id\":\"https:\/\/ish-value-of-water.com\/de\/#organization\"},\"potentialAction\":[{\"@type\":\"SearchAction\",\"target\":{\"@type\":\"EntryPoint\",\"urlTemplate\":\"https:\/\/ish-value-of-water.com\/de\/?s={search_term_string}\"},\"query-input\":{\"@type\":\"PropertyValueSpecification\",\"valueRequired\":true,\"valueName\":\"search_term_string\"}}],\"inLanguage\":\"de\"},{\"@type\":\"Organization\",\"@id\":\"https:\/\/ish-value-of-water.com\/de\/#organization\",\"name\":\"ISH - Value of Water\",\"url\":\"https:\/\/ish-value-of-water.com\/de\/\",\"logo\":{\"@type\":\"ImageObject\",\"inLanguage\":\"de\",\"@id\":\"https:\/\/ish-value-of-water.com\/de\/#\/schema\/logo\/image\/\",\"url\":\"https:\/\/ish-value-of-water.com\/wp-content\/uploads\/2024\/08\/ISH_RGB.svg\",\"contentUrl\":\"https:\/\/ish-value-of-water.com\/wp-content\/uploads\/2024\/08\/ISH_RGB.svg\",\"width\":44,\"height\":24,\"caption\":\"ISH - Value of Water\"},\"image\":{\"@id\":\"https:\/\/ish-value-of-water.com\/de\/#\/schema\/logo\/image\/\"},\"sameAs\":[\"https:\/\/www.facebook.com\/ISHfrankfurt\",\"https:\/\/x.com\/ish_frankfurt\",\"https:\/\/www.linkedin.com\/showcase\/ish-frankfurt\"]}]}<\/script>\n<!-- \/ Yoast SEO plugin. -->","yoast_head_json":{"title":"Impressum - ISH - Value of Water","robots":{"index":"index","follow":"follow","max-snippet":"max-snippet:-1","max-image-preview":"max-image-preview:large","max-video-preview":"max-video-preview:-1"},"canonical":"https:\/\/ish-value-of-water.com\/de\/impressum\/","og_locale":"de_DE","og_type":"article","og_title":"Impressum - ISH - Value of Water","og_description":"Euroforum Deutschland GmbHToulouser Allee 2740211 D\u00fcsseldorf Postfach 11 12 3440512 D\u00fcsseldorf Amtsgericht D\u00fcsseldorfHRB 81764E.USt.Nr.: DE260 960 293 Telefon: +49 (0)211\/8874-33 33 (Zentrale)Telefax: +49 (0)211\/8874-40 00 (Zentrale) info@euroforum.com Gesch\u00e4ftsf\u00fchrung: Andrea Wasmuth (Vorsitz), Sebastian Christensen Bildnachweis eigener Fotos:&nbsp; Die hier genutzten Fotos sind urheberrechtlich gesch\u00fctzt. Speicherung, Verbreitung und Verwertung in gedruckter sowie elektronischer Form bed\u00fcrfen eines schriftlichen...","og_url":"https:\/\/ish-value-of-water.com\/de\/impressum\/","og_site_name":"ISH - Value of Water","article_publisher":"https:\/\/www.facebook.com\/ISHfrankfurt","article_modified_time":"2024-09-18T09:00:12+00:00","og_image":[{"width":1118,"height":499,"url":"https:\/\/ish-value-of-water.com\/wp-content\/uploads\/2024\/10\/ish-vow-og.png","type":"image\/png"}],"twitter_card":"summary_large_image","twitter_site":"@ish_frankfurt","twitter_misc":{"Gesch\u00e4tzte Lesezeit":"1\u00a0Minute"},"schema":{"@context":"https:\/\/schema.org","@graph":[{"@type":"WebPage","@id":"https:\/\/ish-value-of-water.com\/de\/impressum\/","url":"https:\/\/ish-value-of-water.com\/de\/impressum\/","name":"Impressum - ISH - Value of Water","isPartOf":{"@id":"https:\/\/ish-value-of-water.com\/de\/#website"},"datePublished":"2024-09-18T08:56:34+00:00","dateModified":"2024-09-18T09:00:12+00:00","breadcrumb":{"@id":"https:\/\/ish-value-of-water.com\/de\/impressum\/#breadcrumb"},"inLanguage":"de","potentialAction":[{"@type":"ReadAction","target":["https:\/\/ish-value-of-water.com\/de\/impressum\/"]}]},{"@type":"BreadcrumbList","@id":"https:\/\/ish-value-of-water.com\/de\/impressum\/#breadcrumb","itemListElement":[{"@type":"ListItem","position":1,"name":"Home","item":"https:\/\/ish-value-of-water.com\/de\/start\/"},{"@type":"ListItem","position":2,"name":"Impressum"}]},{"@type":"WebSite","@id":"https:\/\/ish-value-of-water.com\/de\/#website","url":"https:\/\/ish-value-of-water.com\/de\/","name":"ISH - Value of Water","description":"","publisher":{"@id":"https:\/\/ish-value-of-water.com\/de\/#organization"},"potentialAction":[{"@type":"SearchAction","target":{"@type":"EntryPoint","urlTemplate":"https:\/\/ish-value-of-water.com\/de\/?s={search_term_string}"},"query-input":{"@type":"PropertyValueSpecification","valueRequired":true,"valueName":"search_term_string"}}],"inLanguage":"de"},{"@type":"Organization","@id":"https:\/\/ish-value-of-water.com\/de\/#organization","name":"ISH - Value of Water","url":"https:\/\/ish-value-of-water.com\/de\/","logo":{"@type":"ImageObject","inLanguage":"de","@id":"https:\/\/ish-value-of-water.com\/de\/#\/schema\/logo\/image\/","url":"https:\/\/ish-value-of-water.com\/wp-content\/uploads\/2024\/08\/ISH_RGB.svg","contentUrl":"https:\/\/ish-value-of-water.com\/wp-content\/uploads\/2024\/08\/ISH_RGB.svg","width":44,"height":24,"caption":"ISH - Value of Water"},"image":{"@id":"https:\/\/ish-value-of-water.com\/de\/#\/schema\/logo\/image\/"},"sameAs":["https:\/\/www.facebook.com\/ISHfrankfurt","https:\/\/x.com\/ish_frankfurt","https:\/\/www.linkedin.com\/showcase\/ish-frankfurt"]}]}},"_links":{"self":[{"href":"https:\/\/ish-value-of-water.com\/de\/wp-json\/wp\/v2\/pages\/200"}],"collection":[{"href":"https:\/\/ish-value-of-water.com\/de\/wp-json\/wp\/v2\/pages"}],"about":[{"href":"https:\/\/ish-value-of-water.com\/de\/wp-json\/wp\/v2\/types\/page"}],"author":[{"embeddable":true,"href":"https:\/\/ish-value-of-water.com\/de\/wp-json\/wp\/v2\/users\/1"}],"replies":[{"embeddable":true,"href":"https:\/\/ish-value-of-water.com\/de\/wp-json\/wp\/v2\/comments?post=200"}],"version-history":[{"count":2,"href":"https:\/\/ish-value-of-water.com\/de\/wp-json\/wp\/v2\/pages\/200\/revisions"}],"predecessor-version":[{"id":203,"href":"https:\/\/ish-value-of-water.com\/de\/wp-json\/wp\/v2\/pages\/200\/revisions\/203"}],"wp:attachment":[{"href":"https:\/\/ish-value-of-water.com\/de\/wp-json\/wp\/v2\/media?parent=200"}],"curies":[{"name":"wp","href":"https:\/\/api.w.org\/{rel}","templated":true}]}}